{"id":4342,"date":"2023-06-22T15:46:42","date_gmt":"2023-06-22T18:46:42","guid":{"rendered":"https:\/\/itnext.pt\/?page_id=4342"},"modified":"2025-02-12T13:51:46","modified_gmt":"2025-02-12T16:51:46","slug":"conteudo","status":"publish","type":"page","link":"https:\/\/itnext.pt\/fr\/conteudo\/","title":{"rendered":"Contenu"},"content":{"rendered":"\t\t<div data-elementor-type=\"wp-post\" data-elementor-id=\"4342\" class=\"elementor elementor-4342\">\n\t\t\t\t\t\t<section class=\"elementor-section elementor-top-section elementor-element elementor-element-e4f80b9 elementor-section-full_width elementor-section-height-default elementor-section-height-default\" data-id=\"e4f80b9\" data-element_type=\"section\" data-e-type=\"section\" data-settings=\"{&quot;background_background&quot;:&quot;slideshow&quot;,&quot;background_slideshow_gallery&quot;:[{&quot;id&quot;:5050,&quot;url&quot;:&quot;https:\\\/\\\/itnext.com.br\\\/portal\\\/wp-content\\\/uploads\\\/2025\\\/01\\\/Site-ITnext-22.png&quot;}],&quot;background_slideshow_loop&quot;:&quot;yes&quot;,&quot;background_slideshow_slide_duration&quot;:5000,&quot;background_slideshow_slide_transition&quot;:&quot;fade&quot;,&quot;background_slideshow_transition_duration&quot;:500}\">\n\t\t\t\t\t\t<div class=\"elementor-container elementor-column-gap-default\">\n\t\t\t\t\t<div class=\"elementor-column elementor-col-100 elementor-top-column elementor-element elementor-element-4832f52\" data-id=\"4832f52\" data-element_type=\"column\" data-e-type=\"column\">\n\t\t\t<div class=\"elementor-widget-wrap\">\n\t\t\t\t\t\t\t<\/div>\n\t\t<\/div>\n\t\t\t\t\t<\/div>\n\t\t<\/section>\n\t\t\t\t<section class=\"elementor-section elementor-top-section elementor-element elementor-element-b08ba70 elementor-section-boxed elementor-section-height-default elementor-section-height-default\" data-id=\"b08ba70\" data-element_type=\"section\" data-e-type=\"section\">\n\t\t\t\t\t\t<div class=\"elementor-container elementor-column-gap-default\">\n\t\t\t\t\t<div class=\"elementor-column elementor-col-25 elementor-top-column elementor-element elementor-element-41a38de\" data-id=\"41a38de\" data-element_type=\"column\" data-e-type=\"column\">\n\t\t\t<div class=\"elementor-widget-wrap elementor-element-populated\">\n\t\t\t\t\t\t<div class=\"elementor-element elementor-element-477e796 elementor-button-info elementor-align-justify elementor-invisible elementor-widget elementor-widget-button\" data-id=\"477e796\" data-element_type=\"widget\" data-e-type=\"widget\" data-settings=\"{&quot;_animation&quot;:&quot;fadeInUp&quot;}\" data-widget_type=\"button.default\">\n\t\t\t\t<div class=\"elementor-widget-container\">\n\t\t\t\t\t\t\t\t\t<div class=\"elementor-button-wrapper\">\n\t\t\t\t\t<a class=\"elementor-button elementor-button-link elementor-size-sm elementor-animation-pulse\" href=\"https:\/\/itnext.com.br\/portal\/elementor-4748\/\">\n\t\t\t\t\t\t<span class=\"elementor-button-content-wrapper\">\n\t\t\t\t\t\t\t\t\t<span class=\"elementor-button-text\">BLOG<\/span>\n\t\t\t\t\t<\/span>\n\t\t\t\t\t<\/a>\n\t\t\t\t<\/div>\n\t\t\t\t\t\t\t\t<\/div>\n\t\t\t\t<\/div>\n\t\t\t\t\t<\/div>\n\t\t<\/div>\n\t\t\t\t<div class=\"elementor-column elementor-col-25 elementor-top-column elementor-element elementor-element-239e904\" data-id=\"239e904\" data-element_type=\"column\" data-e-type=\"column\">\n\t\t\t<div class=\"elementor-widget-wrap\">\n\t\t\t\t\t\t\t<\/div>\n\t\t<\/div>\n\t\t\t\t<div class=\"elementor-column elementor-col-25 elementor-top-column elementor-element elementor-element-ea7f711\" data-id=\"ea7f711\" data-element_type=\"column\" data-e-type=\"column\">\n\t\t\t<div class=\"elementor-widget-wrap\">\n\t\t\t\t\t\t\t<\/div>\n\t\t<\/div>\n\t\t\t\t<div class=\"elementor-column elementor-col-25 elementor-top-column elementor-element elementor-element-d336643\" data-id=\"d336643\" data-element_type=\"column\" data-e-type=\"column\">\n\t\t\t<div class=\"elementor-widget-wrap\">\n\t\t\t\t\t\t\t<\/div>\n\t\t<\/div>\n\t\t\t\t\t<\/div>\n\t\t<\/section>\n\t\t\t\t<section class=\"elementor-section elementor-top-section elementor-element elementor-element-30fb4bc elementor-section-boxed elementor-section-height-default elementor-section-height-default\" data-id=\"30fb4bc\" data-element_type=\"section\" data-e-type=\"section\">\n\t\t\t\t\t\t<div class=\"elementor-container elementor-column-gap-default\">\n\t\t\t\t\t<div class=\"elementor-column elementor-col-100 elementor-top-column elementor-element elementor-element-70fffb4\" data-id=\"70fffb4\" data-element_type=\"column\" data-e-type=\"column\">\n\t\t\t<div class=\"elementor-widget-wrap elementor-element-populated\">\n\t\t\t\t\t\t<div class=\"elementor-element elementor-element-57a9382 elementor-grid-3 elementor-grid-tablet-2 elementor-grid-mobile-1 elementor-widget elementor-widget-elementor-blog-posts\" data-id=\"57a9382\" data-element_type=\"widget\" data-e-type=\"widget\" data-settings=\"{&quot;columns&quot;:&quot;3&quot;,&quot;columns_tablet&quot;:&quot;2&quot;,&quot;columns_mobile&quot;:&quot;1&quot;}\" data-widget_type=\"elementor-blog-posts.default\">\n\t\t\t\t<div class=\"elementor-widget-container\">\n\t\t\t\t\t\t\t<div class=\"wpcap-grid\">\n\t\t\t\t\t\t<div class=\"wpcap-grid-container elementor-grid wpcap-grid-desktop-3 wpcap-grid-tablet-2 wpcap-grid-mobile-1\">\n\n\t\t\t\t\n        <article id=\"post-5112\" class=\"wpcap-post post-5112 post type-post status-publish format-standard has-post-thumbnail hentry category-artigos\">\n         \n            <div class=\"post-grid-inner\">\n            \t\n            \t\t\t\t<div class=\"post-grid-thumbnail\">\n\t\t\t\t<a href=\"https:\/\/itnext.pt\/fr\/como-o-power-bi-impacta-a-analise-de-dados-na-pratica\/\">\n\t\t\t\t\t<img fetchpriority=\"high\" decoding=\"async\" width=\"2561\" height=\"1440\" src=\"https:\/\/itnext.pt\/wp-content\/uploads\/2025\/02\/Site-ITnext-23.png\" class=\"attachment-full size-full wp-post-image\" alt=\"\" srcset=\"https:\/\/itnext.pt\/wp-content\/uploads\/2025\/02\/Site-ITnext-23.png 2561w, https:\/\/itnext.pt\/wp-content\/uploads\/2025\/02\/Site-ITnext-23-300x169.png 300w, https:\/\/itnext.pt\/wp-content\/uploads\/2025\/02\/Site-ITnext-23-1024x576.png 1024w, https:\/\/itnext.pt\/wp-content\/uploads\/2025\/02\/Site-ITnext-23-768x432.png 768w, https:\/\/itnext.pt\/wp-content\/uploads\/2025\/02\/Site-ITnext-23-1536x864.png 1536w, https:\/\/itnext.pt\/wp-content\/uploads\/2025\/02\/Site-ITnext-23-2048x1152.png 2048w\" sizes=\"(max-width: 2561px) 100vw, 2561px\" \/>\t\t\t\t<\/a>\n\t\t\t<\/div>\n        \n                <div class=\"post-grid-text-wrap\">\n               \t\t\t\t<h4 class=\"title\">\n\t\t\t<a href=\"https:\/\/itnext.pt\/fr\/como-o-power-bi-impacta-a-analise-de-dados-na-pratica\/\">Como o Power BI Impacta a An\u00e1lise de Dados na Pr\u00e1tica<\/a>\n\t\t<\/h4>\n\t\t\t                \t                \t\t<div class=\"post-grid-excerpt\">\n\t\t\t<p>No cen\u00e1rio atual, onde os dados s\u00e3o o maior ativo das empresas, a capacidade de analis\u00e1-los corretamente pode ser&hellip;<\/p>\n\t\t<\/div>\n\t\t\t                \t\t<a class=\"read-more-btn\" href=\"https:\/\/itnext.pt\/fr\/como-o-power-bi-impacta-a-analise-de-dados-na-pratica\/\">Leia mais<\/a>\n\t\t                <\/div>\n\n            <\/div><!-- .blog-inner -->\n           \n        <\/article>\n\n        \n        <article id=\"post-4877\" class=\"wpcap-post post-4877 post type-post status-publish format-standard has-post-thumbnail hentry category-artigos\">\n         \n            <div class=\"post-grid-inner\">\n            \t\n            \t\t\t\t<div class=\"post-grid-thumbnail\">\n\t\t\t\t<a href=\"https:\/\/itnext.pt\/fr\/inteligencia-artificial-pesquisa-de-satisfacao-dos-clientes\/\">\n\t\t\t\t\t<img decoding=\"async\" width=\"1200\" height=\"630\" src=\"https:\/\/itnext.pt\/wp-content\/uploads\/2024\/06\/IA-Pesquisa-de-Satisfacao.png\" class=\"attachment-full size-full wp-post-image\" alt=\"\" srcset=\"https:\/\/itnext.pt\/wp-content\/uploads\/2024\/06\/IA-Pesquisa-de-Satisfacao.png 1200w, https:\/\/itnext.pt\/wp-content\/uploads\/2024\/06\/IA-Pesquisa-de-Satisfacao-300x158.png 300w, https:\/\/itnext.pt\/wp-content\/uploads\/2024\/06\/IA-Pesquisa-de-Satisfacao-1024x538.png 1024w, https:\/\/itnext.pt\/wp-content\/uploads\/2024\/06\/IA-Pesquisa-de-Satisfacao-768x403.png 768w\" sizes=\"(max-width: 1200px) 100vw, 1200px\" \/>\t\t\t\t<\/a>\n\t\t\t<\/div>\n        \n                <div class=\"post-grid-text-wrap\">\n               \t\t\t\t<h4 class=\"title\">\n\t\t\t<a href=\"https:\/\/itnext.pt\/fr\/inteligencia-artificial-pesquisa-de-satisfacao-dos-clientes\/\">IA (intelig\u00eancia artificial): No processo de Pesquisas de Satisfa\u00e7\u00e3o dos Clientes<\/a>\n\t\t<\/h4>\n\t\t\t                \t                \t\t<div class=\"post-grid-excerpt\">\n\t\t\t<p>O conceito de intelig\u00eancia artificial (IA) remonta \u00e0 antiguidade, mais precisamente na mitologia grega com as inven\u00e7\u00f5es de m\u00e1quinas&hellip;<\/p>\n\t\t<\/div>\n\t\t\t                \t\t<a class=\"read-more-btn\" href=\"https:\/\/itnext.pt\/fr\/inteligencia-artificial-pesquisa-de-satisfacao-dos-clientes\/\">Leia mais<\/a>\n\t\t                <\/div>\n\n            <\/div><!-- .blog-inner -->\n           \n        <\/article>\n\n        \n        <article id=\"post-4862\" class=\"wpcap-post post-4862 post type-post status-publish format-standard has-post-thumbnail hentry category-artigos tag-business-inteligence tag-consultoria-power-bi tag-gestao-de-dados tag-power-bi tag-treinamento-power-bi\">\n         \n            <div class=\"post-grid-inner\">\n            \t\n            \t\t\t\t<div class=\"post-grid-thumbnail\">\n\t\t\t\t<a href=\"https:\/\/itnext.pt\/fr\/alavanque-sua-eficiencia-operacional\/\">\n\t\t\t\t\t<img decoding=\"async\" width=\"1200\" height=\"630\" src=\"https:\/\/itnext.pt\/wp-content\/uploads\/2024\/04\/blog-Eficiencia-Operacional.png\" class=\"attachment-full size-full wp-post-image\" alt=\"\" srcset=\"https:\/\/itnext.pt\/wp-content\/uploads\/2024\/04\/blog-Eficiencia-Operacional.png 1200w, https:\/\/itnext.pt\/wp-content\/uploads\/2024\/04\/blog-Eficiencia-Operacional-300x158.png 300w, https:\/\/itnext.pt\/wp-content\/uploads\/2024\/04\/blog-Eficiencia-Operacional-1024x538.png 1024w, https:\/\/itnext.pt\/wp-content\/uploads\/2024\/04\/blog-Eficiencia-Operacional-768x403.png 768w\" sizes=\"(max-width: 1200px) 100vw, 1200px\" \/>\t\t\t\t<\/a>\n\t\t\t<\/div>\n        \n                <div class=\"post-grid-text-wrap\">\n               \t\t\t\t<h4 class=\"title\">\n\t\t\t<a href=\"https:\/\/itnext.pt\/fr\/alavanque-sua-eficiencia-operacional\/\">Alavanque sua Efici\u00eancia Operacional!<\/a>\n\t\t<\/h4>\n\t\t\t                \t                \t\t<div class=\"post-grid-excerpt\">\n\t\t\t<p>Transforme Dados em Resultados Concretos Nos dias de hoje, em um cen\u00e1rio empresarial altamente competitivo e em constante evolu\u00e7\u00e3o,&hellip;<\/p>\n\t\t<\/div>\n\t\t\t                \t\t<a class=\"read-more-btn\" href=\"https:\/\/itnext.pt\/fr\/alavanque-sua-eficiencia-operacional\/\">Leia mais<\/a>\n\t\t                <\/div>\n\n            <\/div><!-- .blog-inner -->\n           \n        <\/article>\n\n        \n\t\t\t<\/div>\n\t\t<\/div>\n\t\t\t\t\t\t<\/div>\n\t\t\t\t<\/div>\n\t\t\t\t\t<\/div>\n\t\t<\/div>\n\t\t\t\t\t<\/div>\n\t\t<\/section>\n\t\t\t\t<section class=\"elementor-section elementor-top-section elementor-element elementor-element-8a2b1fa elementor-section-boxed elementor-section-height-default elementor-section-height-default\" data-id=\"8a2b1fa\" data-element_type=\"section\" data-e-type=\"section\">\n\t\t\t\t\t\t<div class=\"elementor-container elementor-column-gap-default\">\n\t\t\t\t\t<div class=\"elementor-column elementor-col-50 elementor-top-column elementor-element elementor-element-cb42517\" data-id=\"cb42517\" data-element_type=\"column\" data-e-type=\"column\">\n\t\t\t<div class=\"elementor-widget-wrap\">\n\t\t\t\t\t\t\t<\/div>\n\t\t<\/div>\n\t\t\t\t<div class=\"elementor-column elementor-col-50 elementor-top-column elementor-element elementor-element-64bb010\" data-id=\"64bb010\" data-element_type=\"column\" data-e-type=\"column\">\n\t\t\t<div class=\"elementor-widget-wrap elementor-element-populated\">\n\t\t\t\t\t\t<div class=\"elementor-element elementor-element-18b449a elementor-align-right elementor-widget elementor-widget-button\" data-id=\"18b449a\" data-element_type=\"widget\" data-e-type=\"widget\" data-widget_type=\"button.default\">\n\t\t\t\t<div class=\"elementor-widget-container\">\n\t\t\t\t\t\t\t\t\t<div class=\"elementor-button-wrapper\">\n\t\t\t\t\t<a class=\"elementor-button elementor-button-link elementor-size-sm\" href=\"https:\/\/itnext.com.br\/portal\/elementor-4748\/\">\n\t\t\t\t\t\t<span class=\"elementor-button-content-wrapper\">\n\t\t\t\t\t\t\t\t\t<span class=\"elementor-button-text\">Ver mais<\/span>\n\t\t\t\t\t<\/span>\n\t\t\t\t\t<\/a>\n\t\t\t\t<\/div>\n\t\t\t\t\t\t\t\t<\/div>\n\t\t\t\t<\/div>\n\t\t\t\t\t<\/div>\n\t\t<\/div>\n\t\t\t\t\t<\/div>\n\t\t<\/section>\n\t\t\t\t<\/div>\n\t\t","protected":false},"excerpt":{"rendered":"<p>BLOG Como o Power BI Impacta a An\u00e1lise de Dados na Pr\u00e1tica No cen\u00e1rio atual, onde os dados s\u00e3o o maior ativo das empresas, a capacidade de analis\u00e1-los corretamente pode ser o diferencial entre o sucesso e o fracasso de um neg\u00f3cio. O Power BI, ferramenta de an\u00e1lise de dados da Microsoft, tem se destacado [&hellip;]<\/p>\n","protected":false},"author":3,"featured_media":0,"parent":0,"menu_order":0,"comment_status":"closed","ping_status":"closed","template":"","meta":{"om_disable_all_campaigns":false,"_monsterinsights_skip_tracking":false,"_monsterinsights_sitenote_active":false,"_monsterinsights_sitenote_note":"","_monsterinsights_sitenote_category":0,"site-sidebar-layout":"no-sidebar","site-content-layout":"page-builder","ast-site-content-layout":"default","site-content-style":"default","site-sidebar-style":"default","ast-global-header-display":"","ast-banner-title-visibility":"","ast-main-header-display":"","ast-hfb-above-header-display":"","ast-hfb-below-header-display":"","ast-hfb-mobile-header-display":"","site-post-title":"disabled","ast-breadcrumbs-content":"","ast-featured-img":"disabled","footer-sml-layout":"","ast-disable-related-posts":"","theme-transparent-header-meta":"enabled","adv-header-id-meta":"","stick-header-meta":"","header-above-stick-meta":"","header-main-stick-meta":"","header-below-stick-meta":"","astra-migrate-meta-layouts":"default","ast-page-background-enabled":"default","ast-page-background-meta":{"desktop":{"background-color":"","background-image":"","background-repeat":"repeat","background-position":"center center","background-size":"auto","background-attachment":"scroll","background-type":"","background-media":"","overlay-type":"","overlay-color":"","overlay-opacity":"","overlay-gradient":""},"tablet":{"background-color":"","background-image":"","background-repeat":"repeat","background-position":"center center","background-size":"auto","background-attachment":"scroll","background-type":"","background-media":"","overlay-type":"","overlay-color":"","overlay-opacity":"","overlay-gradient":""},"mobile":{"background-color":"","background-image":"","background-repeat":"repeat","background-position":"center center","background-size":"auto","background-attachment":"scroll","background-type":"","background-media":"","overlay-type":"","overlay-color":"","overlay-opacity":"","overlay-gradient":""}},"ast-content-background-meta":{"desktop":{"background-color":"var(--ast-global-color-5)","background-image":"","background-repeat":"repeat","background-position":"center center","background-size":"auto","background-attachment":"scroll","background-type":"","background-media":"","overlay-type":"","overlay-color":"","overlay-opacity":"","overlay-gradient":""},"tablet":{"background-color":"var(--ast-global-color-5)","background-image":"","background-repeat":"repeat","background-position":"center center","background-size":"auto","background-attachment":"scroll","background-type":"","background-media":"","overlay-type":"","overlay-color":"","overlay-opacity":"","overlay-gradient":""},"mobile":{"background-color":"var(--ast-global-color-5)","background-image":"","background-repeat":"repeat","background-position":"center center","background-size":"auto","background-attachment":"scroll","background-type":"","background-media":"","overlay-type":"","overlay-color":"","overlay-opacity":"","overlay-gradient":""}},"footnotes":""},"class_list":["post-4342","page","type-page","status-publish","hentry"],"yoast_head":"<!-- This site is optimized with the Yoast SEO plugin v27.3 - https:\/\/yoast.com\/product\/yoast-seo-wordpress\/ -->\n<title>Conte\u00fado - ITNext<\/title>\n<meta name=\"robots\" content=\"index, follow, max-snippet:-1, max-image-preview:large, max-video-preview:-1\" \/>\n<link rel=\"canonical\" href=\"https:\/\/itnext.pt\/fr\/conteudo\/\" \/>\n<meta property=\"og:locale\" content=\"fr_FR\" \/>\n<meta property=\"og:type\" content=\"article\" \/>\n<meta property=\"og:title\" content=\"Conte\u00fado - ITNext\" \/>\n<meta property=\"og:description\" content=\"BLOG Como o Power BI Impacta a An\u00e1lise de Dados na Pr\u00e1tica No cen\u00e1rio atual, onde os dados s\u00e3o o maior ativo das empresas, a capacidade de analis\u00e1-los corretamente pode ser o diferencial entre o sucesso e o fracasso de um neg\u00f3cio. O Power BI, ferramenta de an\u00e1lise de dados da Microsoft, tem se destacado [&hellip;]\" \/>\n<meta property=\"og:url\" content=\"https:\/\/itnext.pt\/fr\/conteudo\/\" \/>\n<meta property=\"og:site_name\" content=\"ITNext\" \/>\n<meta property=\"article:publisher\" content=\"https:\/\/www.facebook.comitnextsolucoes\" \/>\n<meta property=\"article:modified_time\" content=\"2025-02-12T16:51:46+00:00\" \/>\n<meta property=\"og:image\" content=\"https:\/\/itnext.pt\/wp-content\/uploads\/2025\/02\/Site-ITnext-23.png\" \/>\n<meta name=\"twitter:card\" content=\"summary_large_image\" \/>\n<meta name=\"twitter:label1\" content=\"Est. reading time\" \/>\n\t<meta name=\"twitter:data1\" content=\"3 minutes\" \/>\n<script type=\"application\/ld+json\" class=\"yoast-schema-graph\">{\"@context\":\"https:\\\/\\\/schema.org\",\"@graph\":[{\"@type\":\"WebPage\",\"@id\":\"https:\\\/\\\/itnext.pt\\\/conteudo\\\/\",\"url\":\"https:\\\/\\\/itnext.pt\\\/conteudo\\\/\",\"name\":\"Conte\u00fado - ITNext\",\"isPartOf\":{\"@id\":\"https:\\\/\\\/itnext.pt\\\/#website\"},\"primaryImageOfPage\":{\"@id\":\"https:\\\/\\\/itnext.pt\\\/conteudo\\\/#primaryimage\"},\"image\":{\"@id\":\"https:\\\/\\\/itnext.pt\\\/conteudo\\\/#primaryimage\"},\"thumbnailUrl\":\"https:\\\/\\\/itnext.pt\\\/wp-content\\\/uploads\\\/2025\\\/02\\\/Site-ITnext-23.png\",\"datePublished\":\"2023-06-22T18:46:42+00:00\",\"dateModified\":\"2025-02-12T16:51:46+00:00\",\"breadcrumb\":{\"@id\":\"https:\\\/\\\/itnext.pt\\\/conteudo\\\/#breadcrumb\"},\"inLanguage\":\"fr-FR\",\"potentialAction\":[{\"@type\":\"ReadAction\",\"target\":[\"https:\\\/\\\/itnext.pt\\\/conteudo\\\/\"]}]},{\"@type\":\"ImageObject\",\"inLanguage\":\"fr-FR\",\"@id\":\"https:\\\/\\\/itnext.pt\\\/conteudo\\\/#primaryimage\",\"url\":\"https:\\\/\\\/itnext.pt\\\/wp-content\\\/uploads\\\/2025\\\/02\\\/Site-ITnext-23.png\",\"contentUrl\":\"https:\\\/\\\/itnext.pt\\\/wp-content\\\/uploads\\\/2025\\\/02\\\/Site-ITnext-23.png\"},{\"@type\":\"BreadcrumbList\",\"@id\":\"https:\\\/\\\/itnext.pt\\\/conteudo\\\/#breadcrumb\",\"itemListElement\":[{\"@type\":\"ListItem\",\"position\":1,\"name\":\"In\u00edcio\",\"item\":\"https:\\\/\\\/itnext.pt\\\/\"},{\"@type\":\"ListItem\",\"position\":2,\"name\":\"Conte\u00fado\"}]},{\"@type\":\"WebSite\",\"@id\":\"https:\\\/\\\/itnext.pt\\\/#website\",\"url\":\"https:\\\/\\\/itnext.pt\\\/\",\"name\":\"ITNext\",\"description\":\"\",\"publisher\":{\"@id\":\"https:\\\/\\\/itnext.pt\\\/#organization\"},\"alternateName\":\"Deciframos dados e impulsionamos Neg\u00f3cios!\",\"potentialAction\":[{\"@type\":\"SearchAction\",\"target\":{\"@type\":\"EntryPoint\",\"urlTemplate\":\"https:\\\/\\\/itnext.pt\\\/?s={search_term_string}\"},\"query-input\":{\"@type\":\"PropertyValueSpecification\",\"valueRequired\":true,\"valueName\":\"search_term_string\"}}],\"inLanguage\":\"fr-FR\"},{\"@type\":\"Organization\",\"@id\":\"https:\\\/\\\/itnext.pt\\\/#organization\",\"name\":\"ITNext Solu\u00e7\u00f5es\",\"alternateName\":\"Deciframos dados e impulsionamos Neg\u00f3cios!\",\"url\":\"https:\\\/\\\/itnext.pt\\\/\",\"logo\":{\"@type\":\"ImageObject\",\"inLanguage\":\"fr-FR\",\"@id\":\"https:\\\/\\\/itnext.pt\\\/#\\\/schema\\\/logo\\\/image\\\/\",\"url\":\"https:\\\/\\\/itnext.pt\\\/wp-content\\\/uploads\\\/2021\\\/11\\\/LOGO.png\",\"contentUrl\":\"https:\\\/\\\/itnext.pt\\\/wp-content\\\/uploads\\\/2021\\\/11\\\/LOGO.png\",\"width\":486,\"height\":199,\"caption\":\"ITNext Solu\u00e7\u00f5es\"},\"image\":{\"@id\":\"https:\\\/\\\/itnext.pt\\\/#\\\/schema\\\/logo\\\/image\\\/\"},\"sameAs\":[\"https:\\\/\\\/www.facebook.comitnextsolucoes\",\"https:\\\/\\\/www.instagram.com\\\/itnext_solucoes\\\/\",\"https:\\\/\\\/www.linkedin.com\\\/company\\\/itnext-solues-em-tecnologia\",\"https:\\\/\\\/www.youtube.com\\\/@itnextsolucoes3544\"]}]}<\/script>\n<!-- \/ Yoast SEO plugin. -->","yoast_head_json":{"title":"Conte\u00fado - ITNext","robots":{"index":"index","follow":"follow","max-snippet":"max-snippet:-1","max-image-preview":"max-image-preview:large","max-video-preview":"max-video-preview:-1"},"canonical":"https:\/\/itnext.pt\/fr\/conteudo\/","og_locale":"fr_FR","og_type":"article","og_title":"Conte\u00fado - ITNext","og_description":"BLOG Como o Power BI Impacta a An\u00e1lise de Dados na Pr\u00e1tica No cen\u00e1rio atual, onde os dados s\u00e3o o maior ativo das empresas, a capacidade de analis\u00e1-los corretamente pode ser o diferencial entre o sucesso e o fracasso de um neg\u00f3cio. O Power BI, ferramenta de an\u00e1lise de dados da Microsoft, tem se destacado [&hellip;]","og_url":"https:\/\/itnext.pt\/fr\/conteudo\/","og_site_name":"ITNext","article_publisher":"https:\/\/www.facebook.comitnextsolucoes","article_modified_time":"2025-02-12T16:51:46+00:00","og_image":[{"url":"https:\/\/itnext.pt\/wp-content\/uploads\/2025\/02\/Site-ITnext-23.png","type":"","width":"","height":""}],"twitter_card":"summary_large_image","twitter_misc":{"Est. reading time":"3 minutes"},"schema":{"@context":"https:\/\/schema.org","@graph":[{"@type":"WebPage","@id":"https:\/\/itnext.pt\/conteudo\/","url":"https:\/\/itnext.pt\/conteudo\/","name":"Conte\u00fado - ITNext","isPartOf":{"@id":"https:\/\/itnext.pt\/#website"},"primaryImageOfPage":{"@id":"https:\/\/itnext.pt\/conteudo\/#primaryimage"},"image":{"@id":"https:\/\/itnext.pt\/conteudo\/#primaryimage"},"thumbnailUrl":"https:\/\/itnext.pt\/wp-content\/uploads\/2025\/02\/Site-ITnext-23.png","datePublished":"2023-06-22T18:46:42+00:00","dateModified":"2025-02-12T16:51:46+00:00","breadcrumb":{"@id":"https:\/\/itnext.pt\/conteudo\/#breadcrumb"},"inLanguage":"fr-FR","potentialAction":[{"@type":"ReadAction","target":["https:\/\/itnext.pt\/conteudo\/"]}]},{"@type":"ImageObject","inLanguage":"fr-FR","@id":"https:\/\/itnext.pt\/conteudo\/#primaryimage","url":"https:\/\/itnext.pt\/wp-content\/uploads\/2025\/02\/Site-ITnext-23.png","contentUrl":"https:\/\/itnext.pt\/wp-content\/uploads\/2025\/02\/Site-ITnext-23.png"},{"@type":"BreadcrumbList","@id":"https:\/\/itnext.pt\/conteudo\/#breadcrumb","itemListElement":[{"@type":"ListItem","position":1,"name":"In\u00edcio","item":"https:\/\/itnext.pt\/"},{"@type":"ListItem","position":2,"name":"Conte\u00fado"}]},{"@type":"WebSite","@id":"https:\/\/itnext.pt\/#website","url":"https:\/\/itnext.pt\/","name":"LAPROCHAINEFOIS","description":"","publisher":{"@id":"https:\/\/itnext.pt\/#organization"},"alternateName":"Deciframos dados e impulsionamos Neg\u00f3cios!","potentialAction":[{"@type":"SearchAction","target":{"@type":"EntryPoint","urlTemplate":"https:\/\/itnext.pt\/?s={search_term_string}"},"query-input":{"@type":"PropertyValueSpecification","valueRequired":true,"valueName":"search_term_string"}}],"inLanguage":"fr-FR"},{"@type":"Organization","@id":"https:\/\/itnext.pt\/#organization","name":"ITNext Solu\u00e7\u00f5es","alternateName":"Deciframos dados e impulsionamos Neg\u00f3cios!","url":"https:\/\/itnext.pt\/","logo":{"@type":"ImageObject","inLanguage":"fr-FR","@id":"https:\/\/itnext.pt\/#\/schema\/logo\/image\/","url":"https:\/\/itnext.pt\/wp-content\/uploads\/2021\/11\/LOGO.png","contentUrl":"https:\/\/itnext.pt\/wp-content\/uploads\/2021\/11\/LOGO.png","width":486,"height":199,"caption":"ITNext Solu\u00e7\u00f5es"},"image":{"@id":"https:\/\/itnext.pt\/#\/schema\/logo\/image\/"},"sameAs":["https:\/\/www.facebook.comitnextsolucoes","https:\/\/www.instagram.com\/itnext_solucoes\/","https:\/\/www.linkedin.com\/company\/itnext-solues-em-tecnologia","https:\/\/www.youtube.com\/@itnextsolucoes3544"]}]}},"_hostinger_reach_plugin_has_subscription_block":false,"_hostinger_reach_plugin_is_elementor":false,"_links":{"self":[{"href":"https:\/\/itnext.pt\/fr\/wp-json\/wp\/v2\/pages\/4342","targetHints":{"allow":["GET"]}}],"collection":[{"href":"https:\/\/itnext.pt\/fr\/wp-json\/wp\/v2\/pages"}],"about":[{"href":"https:\/\/itnext.pt\/fr\/wp-json\/wp\/v2\/types\/page"}],"author":[{"embeddable":true,"href":"https:\/\/itnext.pt\/fr\/wp-json\/wp\/v2\/users\/3"}],"replies":[{"embeddable":true,"href":"https:\/\/itnext.pt\/fr\/wp-json\/wp\/v2\/comments?post=4342"}],"version-history":[{"count":37,"href":"https:\/\/itnext.pt\/fr\/wp-json\/wp\/v2\/pages\/4342\/revisions"}],"predecessor-version":[{"id":5127,"href":"https:\/\/itnext.pt\/fr\/wp-json\/wp\/v2\/pages\/4342\/revisions\/5127"}],"wp:attachment":[{"href":"https:\/\/itnext.pt\/fr\/wp-json\/wp\/v2\/media?parent=4342"}],"curies":[{"name":"wp","href":"https:\/\/api.w.org\/{rel}","templated":true}]}}