{"id":3051,"date":"2017-12-17T10:06:43","date_gmt":"2017-12-17T10:06:43","guid":{"rendered":"https:\/\/www.cenhserra.com.br\/www1\/about\/"},"modified":"2025-11-14T14:59:39","modified_gmt":"2025-11-14T17:59:39","slug":"about","status":"publish","type":"page","link":"https:\/\/itnext.pt\/fr\/about\/","title":{"rendered":"About"},"content":{"rendered":"\t\t<div data-elementor-type=\"wp-post\" data-elementor-id=\"3051\" class=\"elementor elementor-3051\">\n\t\t\t\t\t\t<section class=\"elementor-section elementor-top-section elementor-element elementor-element-68b33bc elementor-section-full_width elementor-section-height-default elementor-section-height-default\" data-id=\"68b33bc\" data-element_type=\"section\" data-e-type=\"section\" data-settings=\"{&quot;background_background&quot;:&quot;slideshow&quot;,&quot;background_slideshow_gallery&quot;:[{&quot;id&quot;:5042,&quot;url&quot;:&quot;https:\\\/\\\/itnext.com.br\\\/portal\\\/wp-content\\\/uploads\\\/2025\\\/01\\\/Site-ITnext-20.png&quot;}],&quot;background_slideshow_loop&quot;:&quot;yes&quot;,&quot;background_slideshow_slide_duration&quot;:5000,&quot;background_slideshow_slide_transition&quot;:&quot;fade&quot;,&quot;background_slideshow_transition_duration&quot;:500}\">\n\t\t\t\t\t\t<div class=\"elementor-container elementor-column-gap-default\">\n\t\t\t\t\t<div class=\"elementor-column elementor-col-100 elementor-top-column elementor-element elementor-element-f8bc7c6\" data-id=\"f8bc7c6\" data-element_type=\"column\" data-e-type=\"column\">\n\t\t\t<div class=\"elementor-widget-wrap\">\n\t\t\t\t\t\t\t<\/div>\n\t\t<\/div>\n\t\t\t\t\t<\/div>\n\t\t<\/section>\n\t\t\t\t<section class=\"elementor-section elementor-top-section elementor-element elementor-element-2d09118 elementor-section-full_width elementor-section-height-default elementor-section-height-default\" data-id=\"2d09118\" data-element_type=\"section\" data-e-type=\"section\" data-settings=\"{&quot;background_background&quot;:&quot;classic&quot;,&quot;shape_divider_top&quot;:&quot;mountains&quot;,&quot;shape_divider_bottom&quot;:&quot;mountains&quot;}\">\n\t\t\t\t\t\t\t<div class=\"elementor-background-overlay\"><\/div>\n\t\t\t\t\t\t<div class=\"elementor-shape elementor-shape-top\" aria-hidden=\"true\" data-negative=\"false\">\n\t\t\t<svg xmlns=\"http:\/\/www.w3.org\/2000\/svg\" viewBox=\"0 0 1000 100\" preserveAspectRatio=\"none\">\n\t<path class=\"elementor-shape-fill\" opacity=\"0.33\" d=\"M473,67.3c-203.9,88.3-263.1-34-320.3,0C66,119.1,0,59.7,0,59.7V0h1000v59.7 c0,0-62.1,26.1-94.9,29.3c-32.8,3.3-62.8-12.3-75.8-22.1C806,49.6,745.3,8.7,694.9,4.7S492.4,59,473,67.3z\"\/>\n\t<path class=\"elementor-shape-fill\" opacity=\"0.66\" d=\"M734,67.3c-45.5,0-77.2-23.2-129.1-39.1c-28.6-8.7-150.3-10.1-254,39.1 s-91.7-34.4-149.2,0C115.7,118.3,0,39.8,0,39.8V0h1000v36.5c0,0-28.2-18.5-92.1-18.5C810.2,18.1,775.7,67.3,734,67.3z\"\/>\n\t<path class=\"elementor-shape-fill\" d=\"M766.1,28.9c-200-57.5-266,65.5-395.1,19.5C242,1.8,242,5.4,184.8,20.6C128,35.8,132.3,44.9,89.9,52.5C28.6,63.7,0,0,0,0 h1000c0,0-9.9,40.9-83.6,48.1S829.6,47,766.1,28.9z\"\/>\n<\/svg>\t\t<\/div>\n\t\t\t\t<div class=\"elementor-shape elementor-shape-bottom\" aria-hidden=\"true\" data-negative=\"false\">\n\t\t\t<svg xmlns=\"http:\/\/www.w3.org\/2000\/svg\" viewBox=\"0 0 1000 100\" preserveAspectRatio=\"none\">\n\t<path class=\"elementor-shape-fill\" opacity=\"0.33\" d=\"M473,67.3c-203.9,88.3-263.1-34-320.3,0C66,119.1,0,59.7,0,59.7V0h1000v59.7 c0,0-62.1,26.1-94.9,29.3c-32.8,3.3-62.8-12.3-75.8-22.1C806,49.6,745.3,8.7,694.9,4.7S492.4,59,473,67.3z\"\/>\n\t<path class=\"elementor-shape-fill\" opacity=\"0.66\" d=\"M734,67.3c-45.5,0-77.2-23.2-129.1-39.1c-28.6-8.7-150.3-10.1-254,39.1 s-91.7-34.4-149.2,0C115.7,118.3,0,39.8,0,39.8V0h1000v36.5c0,0-28.2-18.5-92.1-18.5C810.2,18.1,775.7,67.3,734,67.3z\"\/>\n\t<path class=\"elementor-shape-fill\" d=\"M766.1,28.9c-200-57.5-266,65.5-395.1,19.5C242,1.8,242,5.4,184.8,20.6C128,35.8,132.3,44.9,89.9,52.5C28.6,63.7,0,0,0,0 h1000c0,0-9.9,40.9-83.6,48.1S829.6,47,766.1,28.9z\"\/>\n<\/svg>\t\t<\/div>\n\t\t\t\t\t<div class=\"elementor-container elementor-column-gap-extended\">\n\t\t\t\t\t<div class=\"elementor-column elementor-col-100 elementor-top-column elementor-element elementor-element-a886541\" data-id=\"a886541\" data-element_type=\"column\" data-e-type=\"column\">\n\t\t\t<div class=\"elementor-widget-wrap elementor-element-populated\">\n\t\t\t\t\t\t<div class=\"elementor-element elementor-element-f481e8e elementor-invisible elementor-widget elementor-widget-text-editor\" data-id=\"f481e8e\" data-element_type=\"widget\" data-e-type=\"widget\" data-settings=\"{&quot;_animation&quot;:&quot;fadeInUp&quot;}\" data-widget_type=\"text-editor.default\">\n\t\t\t\t<div class=\"elementor-widget-container\">\n\t\t\t\t\t\t\t\t\t<p><strong>Somos a ITnext<\/strong><\/p><p data-start=\"226\" data-end=\"328\">Na ITnext, acreditamos que dados bem estruturados transformam a forma como as empresas tomam decis\u00f5es.<\/p><p data-start=\"330\" data-end=\"599\">Atuamos como parceiros estrat\u00e9gicos, apoiando organiza\u00e7\u00f5es a estruturar, integrar e transformar os seus dados em informa\u00e7\u00f5es \u00fateis, consistentes e acess\u00edveis. Criamos a base para que esses dados trabalhem a favor do seu neg\u00f3cio de forma segura, integrada e inteligente.<\/p><p data-start=\"601\" data-end=\"905\">O nosso prop\u00f3sito \u00e9 eliminar barreiras de informa\u00e7\u00e3o e reduzir a depend\u00eancia de m\u00faltiplos arquivos e documentos, consolidando dados dispersos em um ambiente \u00fanico e confi\u00e1vel. Assim, a sua empresa ganha velocidade, precis\u00e3o e seguran\u00e7a para analisar cen\u00e1rios, antecipar riscos e aproveitar oportunidades.<\/p>\t\t\t\t\t\t\t\t<\/div>\n\t\t\t\t<\/div>\n\t\t\t\t<div class=\"elementor-element elementor-element-b90a2dc elementor-widget elementor-widget-text-editor\" data-id=\"b90a2dc\" data-element_type=\"widget\" data-e-type=\"widget\" data-widget_type=\"text-editor.default\">\n\t\t\t\t<div class=\"elementor-widget-container\">\n\t\t\t\t\t\t\t\t\t<p><b>Miss\u00e3o<\/b><br \/>Fornecer solu\u00e7\u00f5es em tecnologia da informa\u00e7\u00e3o, auxiliando nossos clientes para\u00a0melhor gest\u00e3o e uso de dados, intelig\u00eancia de neg\u00f3cios com seguran\u00e7a e agilidade\u00a0nos processos.<br \/><br \/><b>Vis\u00e3o<\/b><br \/>Ser reconhecida pelo padr\u00e3o de qualidade em solu\u00e7\u00f5es de tecnologia nas \u00e1reas em que atuamos.<br \/><br \/><b>Valores<br \/><\/b><\/p><ul><li><b>Aten\u00e7\u00e3o Total ao Cliente (ATC):\u00a0<\/b>Nossos clientes s\u00e3o a raz\u00e3o da nossa exist\u00eancia e, por isso, dedicamos total e integral aten\u00e7\u00e3o a eles.<\/li><li><b>\u00c9tica<\/b>: Todas as nossas a\u00e7\u00f5es s\u00e3o guiadas pelos princ\u00edpios de moralidade, justi\u00e7a e isonomia.<\/li><li><b>Valoriza\u00e7\u00e3o da Equipe:<\/b>\u00a0Criamos um ambiente saud\u00e1vel, colaborativo e baseado em meritocracia, valorizando o desenvolvimento e o bem-estar da nossa equipe.<\/li><li><b>Intelig\u00eancia e Efici\u00eancia:<\/b>\u00a0Trabalhamos de forma inteligente e eficiente, direcionando\u00a0 nossos esfor\u00e7os para onde realmente importa, buscando sempre os melhores resultados.<\/li><li><b>Inova\u00e7\u00e3o<\/b>: Como empresa de tecnologia, estamos sempre atentos \u00e0s mudan\u00e7as do mercado e buscamos oferecer solu\u00e7\u00f5es inovadoras aos nossos clientes.\u00a0<\/li><\/ul><p>Esses valores fundamentais guiam o nosso trabalho e refletem o compromisso da ITNext Solu\u00e7\u00f5es em fornecer servi\u00e7os de qualidade, atendimento\u00a0excepcional e solu\u00e7\u00f5es tecnol\u00f3gicas de vanguarda.<\/p>\t\t\t\t\t\t\t\t<\/div>\n\t\t\t\t<\/div>\n\t\t\t\t\t<\/div>\n\t\t<\/div>\n\t\t\t\t\t<\/div>\n\t\t<\/section>\n\t\t\t\t<\/div>\n\t\t","protected":false},"excerpt":{"rendered":"<p>Somos a ITnext Na ITnext, acreditamos que dados bem estruturados transformam a forma como as empresas tomam decis\u00f5es. Atuamos como parceiros estrat\u00e9gicos, apoiando organiza\u00e7\u00f5es a estruturar, integrar e transformar os seus dados em informa\u00e7\u00f5es \u00fateis, consistentes e acess\u00edveis. Criamos a base para que esses dados trabalhem a favor do seu neg\u00f3cio de forma segura, integrada [&hellip;]<\/p>\n","protected":false},"author":4,"featured_media":0,"parent":0,"menu_order":0,"comment_status":"closed","ping_status":"closed","template":"","meta":{"om_disable_all_campaigns":false,"_monsterinsights_skip_tracking":false,"_monsterinsights_sitenote_active":false,"_monsterinsights_sitenote_note":"","_monsterinsights_sitenote_category":0,"site-sidebar-layout":"no-sidebar","site-content-layout":"page-builder","ast-site-content-layout":"default","site-content-style":"default","site-sidebar-style":"default","ast-global-header-display":"","ast-banner-title-visibility":"","ast-main-header-display":"","ast-hfb-above-header-display":"","ast-hfb-below-header-display":"","ast-hfb-mobile-header-display":"","site-post-title":"disabled","ast-breadcrumbs-content":"","ast-featured-img":"disabled","footer-sml-layout":"","ast-disable-related-posts":"","theme-transparent-header-meta":"enabled","adv-header-id-meta":"","stick-header-meta":"","header-above-stick-meta":"","header-main-stick-meta":"","header-below-stick-meta":"","astra-migrate-meta-layouts":"default","ast-page-background-enabled":"default","ast-page-background-meta":{"desktop":{"background-color":"","background-image":"","background-repeat":"repeat","background-position":"center center","background-size":"auto","background-attachment":"scroll","background-type":"","background-media":"","overlay-type":"","overlay-color":"","overlay-opacity":"","overlay-gradient":""},"tablet":{"background-color":"","background-image":"","background-repeat":"repeat","background-position":"center center","background-size":"auto","background-attachment":"scroll","background-type":"","background-media":"","overlay-type":"","overlay-color":"","overlay-opacity":"","overlay-gradient":""},"mobile":{"background-color":"","background-image":"","background-repeat":"repeat","background-position":"center center","background-size":"auto","background-attachment":"scroll","background-type":"","background-media":"","overlay-type":"","overlay-color":"","overlay-opacity":"","overlay-gradient":""}},"ast-content-background-meta":{"desktop":{"background-color":"var(--ast-global-color-5)","background-image":"","background-repeat":"repeat","background-position":"center center","background-size":"auto","background-attachment":"scroll","background-type":"","background-media":"","overlay-type":"","overlay-color":"","overlay-opacity":"","overlay-gradient":""},"tablet":{"background-color":"var(--ast-global-color-5)","background-image":"","background-repeat":"repeat","background-position":"center center","background-size":"auto","background-attachment":"scroll","background-type":"","background-media":"","overlay-type":"","overlay-color":"","overlay-opacity":"","overlay-gradient":""},"mobile":{"background-color":"var(--ast-global-color-5)","background-image":"","background-repeat":"repeat","background-position":"center center","background-size":"auto","background-attachment":"scroll","background-type":"","background-media":"","overlay-type":"","overlay-color":"","overlay-opacity":"","overlay-gradient":""}},"footnotes":""},"class_list":["post-3051","page","type-page","status-publish","hentry"],"yoast_head":"<!-- This site is optimized with the Yoast SEO plugin v27.3 - https:\/\/yoast.com\/product\/yoast-seo-wordpress\/ -->\n<title>About - ITNext<\/title>\n<meta name=\"robots\" content=\"index, follow, max-snippet:-1, max-image-preview:large, max-video-preview:-1\" \/>\n<link rel=\"canonical\" href=\"https:\/\/itnext.pt\/fr\/about\/\" \/>\n<meta property=\"og:locale\" content=\"fr_FR\" \/>\n<meta property=\"og:type\" content=\"article\" \/>\n<meta property=\"og:title\" content=\"About - ITNext\" \/>\n<meta property=\"og:description\" content=\"Somos a ITnext Na ITnext, acreditamos que dados bem estruturados transformam a forma como as empresas tomam decis\u00f5es. Atuamos como parceiros estrat\u00e9gicos, apoiando organiza\u00e7\u00f5es a estruturar, integrar e transformar os seus dados em informa\u00e7\u00f5es \u00fateis, consistentes e acess\u00edveis. Criamos a base para que esses dados trabalhem a favor do seu neg\u00f3cio de forma segura, integrada [&hellip;]\" \/>\n<meta property=\"og:url\" content=\"https:\/\/itnext.pt\/fr\/about\/\" \/>\n<meta property=\"og:site_name\" content=\"ITNext\" \/>\n<meta property=\"article:publisher\" content=\"https:\/\/www.facebook.comitnextsolucoes\" \/>\n<meta property=\"article:modified_time\" content=\"2025-11-14T17:59:39+00:00\" \/>\n<meta property=\"og:image\" content=\"https:\/\/itnext.pt\/wp-content\/uploads\/2023\/09\/treinamento02-1024x786.png\" \/>\n\t<meta property=\"og:image:width\" content=\"1024\" \/>\n\t<meta property=\"og:image:height\" content=\"786\" \/>\n\t<meta property=\"og:image:type\" content=\"image\/png\" \/>\n<meta name=\"twitter:card\" content=\"summary_large_image\" \/>\n<meta name=\"twitter:label1\" content=\"Est. reading time\" \/>\n\t<meta name=\"twitter:data1\" content=\"2 minutes\" \/>\n<script type=\"application\/ld+json\" class=\"yoast-schema-graph\">{\"@context\":\"https:\\\/\\\/schema.org\",\"@graph\":[{\"@type\":\"WebPage\",\"@id\":\"https:\\\/\\\/itnext.pt\\\/about\\\/\",\"url\":\"https:\\\/\\\/itnext.pt\\\/about\\\/\",\"name\":\"About - ITNext\",\"isPartOf\":{\"@id\":\"https:\\\/\\\/itnext.pt\\\/#website\"},\"datePublished\":\"2017-12-17T10:06:43+00:00\",\"dateModified\":\"2025-11-14T17:59:39+00:00\",\"breadcrumb\":{\"@id\":\"https:\\\/\\\/itnext.pt\\\/about\\\/#breadcrumb\"},\"inLanguage\":\"fr-FR\",\"potentialAction\":[{\"@type\":\"ReadAction\",\"target\":[\"https:\\\/\\\/itnext.pt\\\/about\\\/\"]}]},{\"@type\":\"BreadcrumbList\",\"@id\":\"https:\\\/\\\/itnext.pt\\\/about\\\/#breadcrumb\",\"itemListElement\":[{\"@type\":\"ListItem\",\"position\":1,\"name\":\"In\u00edcio\",\"item\":\"https:\\\/\\\/itnext.pt\\\/\"},{\"@type\":\"ListItem\",\"position\":2,\"name\":\"About\"}]},{\"@type\":\"WebSite\",\"@id\":\"https:\\\/\\\/itnext.pt\\\/#website\",\"url\":\"https:\\\/\\\/itnext.pt\\\/\",\"name\":\"ITNext\",\"description\":\"\",\"publisher\":{\"@id\":\"https:\\\/\\\/itnext.pt\\\/#organization\"},\"alternateName\":\"Deciframos dados e impulsionamos Neg\u00f3cios!\",\"potentialAction\":[{\"@type\":\"SearchAction\",\"target\":{\"@type\":\"EntryPoint\",\"urlTemplate\":\"https:\\\/\\\/itnext.pt\\\/?s={search_term_string}\"},\"query-input\":{\"@type\":\"PropertyValueSpecification\",\"valueRequired\":true,\"valueName\":\"search_term_string\"}}],\"inLanguage\":\"fr-FR\"},{\"@type\":\"Organization\",\"@id\":\"https:\\\/\\\/itnext.pt\\\/#organization\",\"name\":\"ITNext Solu\u00e7\u00f5es\",\"alternateName\":\"Deciframos dados e impulsionamos Neg\u00f3cios!\",\"url\":\"https:\\\/\\\/itnext.pt\\\/\",\"logo\":{\"@type\":\"ImageObject\",\"inLanguage\":\"fr-FR\",\"@id\":\"https:\\\/\\\/itnext.pt\\\/#\\\/schema\\\/logo\\\/image\\\/\",\"url\":\"https:\\\/\\\/itnext.pt\\\/wp-content\\\/uploads\\\/2021\\\/11\\\/LOGO.png\",\"contentUrl\":\"https:\\\/\\\/itnext.pt\\\/wp-content\\\/uploads\\\/2021\\\/11\\\/LOGO.png\",\"width\":486,\"height\":199,\"caption\":\"ITNext Solu\u00e7\u00f5es\"},\"image\":{\"@id\":\"https:\\\/\\\/itnext.pt\\\/#\\\/schema\\\/logo\\\/image\\\/\"},\"sameAs\":[\"https:\\\/\\\/www.facebook.comitnextsolucoes\",\"https:\\\/\\\/www.instagram.com\\\/itnext_solucoes\\\/\",\"https:\\\/\\\/www.linkedin.com\\\/company\\\/itnext-solues-em-tecnologia\",\"https:\\\/\\\/www.youtube.com\\\/@itnextsolucoes3544\"]}]}<\/script>\n<!-- \/ Yoast SEO plugin. -->","yoast_head_json":{"title":"About - ITNext","robots":{"index":"index","follow":"follow","max-snippet":"max-snippet:-1","max-image-preview":"max-image-preview:large","max-video-preview":"max-video-preview:-1"},"canonical":"https:\/\/itnext.pt\/fr\/about\/","og_locale":"fr_FR","og_type":"article","og_title":"About - ITNext","og_description":"Somos a ITnext Na ITnext, acreditamos que dados bem estruturados transformam a forma como as empresas tomam decis\u00f5es. Atuamos como parceiros estrat\u00e9gicos, apoiando organiza\u00e7\u00f5es a estruturar, integrar e transformar os seus dados em informa\u00e7\u00f5es \u00fateis, consistentes e acess\u00edveis. Criamos a base para que esses dados trabalhem a favor do seu neg\u00f3cio de forma segura, integrada [&hellip;]","og_url":"https:\/\/itnext.pt\/fr\/about\/","og_site_name":"ITNext","article_publisher":"https:\/\/www.facebook.comitnextsolucoes","article_modified_time":"2025-11-14T17:59:39+00:00","og_image":[{"width":1024,"height":786,"url":"https:\/\/itnext.pt\/wp-content\/uploads\/2023\/09\/treinamento02-1024x786.png","type":"image\/png"}],"twitter_card":"summary_large_image","twitter_misc":{"Est. reading time":"2 minutes"},"schema":{"@context":"https:\/\/schema.org","@graph":[{"@type":"WebPage","@id":"https:\/\/itnext.pt\/about\/","url":"https:\/\/itnext.pt\/about\/","name":"About - ITNext","isPartOf":{"@id":"https:\/\/itnext.pt\/#website"},"datePublished":"2017-12-17T10:06:43+00:00","dateModified":"2025-11-14T17:59:39+00:00","breadcrumb":{"@id":"https:\/\/itnext.pt\/about\/#breadcrumb"},"inLanguage":"fr-FR","potentialAction":[{"@type":"ReadAction","target":["https:\/\/itnext.pt\/about\/"]}]},{"@type":"BreadcrumbList","@id":"https:\/\/itnext.pt\/about\/#breadcrumb","itemListElement":[{"@type":"ListItem","position":1,"name":"In\u00edcio","item":"https:\/\/itnext.pt\/"},{"@type":"ListItem","position":2,"name":"About"}]},{"@type":"WebSite","@id":"https:\/\/itnext.pt\/#website","url":"https:\/\/itnext.pt\/","name":"LAPROCHAINEFOIS","description":"","publisher":{"@id":"https:\/\/itnext.pt\/#organization"},"alternateName":"Deciframos dados e impulsionamos Neg\u00f3cios!","potentialAction":[{"@type":"SearchAction","target":{"@type":"EntryPoint","urlTemplate":"https:\/\/itnext.pt\/?s={search_term_string}"},"query-input":{"@type":"PropertyValueSpecification","valueRequired":true,"valueName":"search_term_string"}}],"inLanguage":"fr-FR"},{"@type":"Organization","@id":"https:\/\/itnext.pt\/#organization","name":"ITNext Solu\u00e7\u00f5es","alternateName":"Deciframos dados e impulsionamos Neg\u00f3cios!","url":"https:\/\/itnext.pt\/","logo":{"@type":"ImageObject","inLanguage":"fr-FR","@id":"https:\/\/itnext.pt\/#\/schema\/logo\/image\/","url":"https:\/\/itnext.pt\/wp-content\/uploads\/2021\/11\/LOGO.png","contentUrl":"https:\/\/itnext.pt\/wp-content\/uploads\/2021\/11\/LOGO.png","width":486,"height":199,"caption":"ITNext Solu\u00e7\u00f5es"},"image":{"@id":"https:\/\/itnext.pt\/#\/schema\/logo\/image\/"},"sameAs":["https:\/\/www.facebook.comitnextsolucoes","https:\/\/www.instagram.com\/itnext_solucoes\/","https:\/\/www.linkedin.com\/company\/itnext-solues-em-tecnologia","https:\/\/www.youtube.com\/@itnextsolucoes3544"]}]}},"_hostinger_reach_plugin_has_subscription_block":false,"_hostinger_reach_plugin_is_elementor":false,"_links":{"self":[{"href":"https:\/\/itnext.pt\/fr\/wp-json\/wp\/v2\/pages\/3051","targetHints":{"allow":["GET"]}}],"collection":[{"href":"https:\/\/itnext.pt\/fr\/wp-json\/wp\/v2\/pages"}],"about":[{"href":"https:\/\/itnext.pt\/fr\/wp-json\/wp\/v2\/types\/page"}],"author":[{"embeddable":true,"href":"https:\/\/itnext.pt\/fr\/wp-json\/wp\/v2\/users\/4"}],"replies":[{"embeddable":true,"href":"https:\/\/itnext.pt\/fr\/wp-json\/wp\/v2\/comments?post=3051"}],"version-history":[{"count":51,"href":"https:\/\/itnext.pt\/fr\/wp-json\/wp\/v2\/pages\/3051\/revisions"}],"predecessor-version":[{"id":5203,"href":"https:\/\/itnext.pt\/fr\/wp-json\/wp\/v2\/pages\/3051\/revisions\/5203"}],"wp:attachment":[{"href":"https:\/\/itnext.pt\/fr\/wp-json\/wp\/v2\/media?parent=3051"}],"curies":[{"name":"wp","href":"https:\/\/api.w.org\/{rel}","templated":true}]}}